{"id":679,"date":"2019-02-04T15:54:05","date_gmt":"2019-02-04T15:54:05","guid":{"rendered":"http:\/\/terramagicaperu.com\/?page_id=679"},"modified":"2019-02-04T16:12:03","modified_gmt":"2019-02-04T16:12:03","slug":"recomendaciones","status":"publish","type":"page","link":"https:\/\/terramagicaperu.com\/en\/recomendaciones\/","title":{"rendered":"Recomendaciones"},"content":{"rendered":"<div data-elementor-type=\"wp-post\" data-elementor-id=\"679\" class=\"elementor elementor-679 elementor-bc-flex-widget\">\n\t\t\t\t\t\t<section class=\"elementor-section elementor-top-section elementor-element elementor-element-af74d4d elementor-section-stretched elementor-section-height-min-height elementor-section-boxed elementor-section-height-default elementor-section-items-middle\" data-id=\"af74d4d\" data-element_type=\"section\" data-e-type=\"section\" data-settings=\"{&quot;stretch_section&quot;:&quot;section-stretched&quot;,&quot;background_background&quot;:&quot;classic&quot;}\">\n\t\t\t\t\t\t<div class=\"elementor-container elementor-column-gap-default\">\n\t\t\t\t\t<div class=\"elementor-column elementor-col-100 elementor-top-column elementor-element elementor-element-4b949d8\" data-id=\"4b949d8\" data-element_type=\"column\" data-e-type=\"column\">\n\t\t\t<div class=\"elementor-widget-wrap\">\n\t\t\t\t\t\t\t<\/div>\n\t\t<\/div>\n\t\t\t\t\t<\/div>\n\t\t<\/section>\n\t\t\t\t<section class=\"elementor-section elementor-top-section elementor-element elementor-element-4495e74 elementor-section-boxed elementor-section-height-default elementor-section-height-default\" data-id=\"4495e74\" data-element_type=\"section\" data-e-type=\"section\">\n\t\t\t\t\t\t<div class=\"elementor-container elementor-column-gap-default\">\n\t\t\t\t\t<div class=\"elementor-column elementor-col-100 elementor-top-column elementor-element elementor-element-42b9be3\" data-id=\"42b9be3\" data-element_type=\"column\" data-e-type=\"column\">\n\t\t\t<div class=\"elementor-widget-wrap elementor-element-populated\">\n\t\t\t\t\t\t<div class=\"elementor-element elementor-element-643518c elementor-widget elementor-widget-heading\" data-id=\"643518c\" data-element_type=\"widget\" data-e-type=\"widget\" data-widget_type=\"heading.default\">\n\t\t\t\t<div class=\"elementor-widget-container\">\n\t\t\t\t\t<h2 class=\"elementor-heading-title elementor-size-default\">RECOMENDACIONES<\/h2>\t\t\t\t<\/div>\n\t\t\t\t<\/div>\n\t\t\t\t\t<\/div>\n\t\t<\/div>\n\t\t\t\t\t<\/div>\n\t\t<\/section>\n\t\t\t\t<section class=\"elementor-section elementor-top-section elementor-element elementor-element-0b3d2df elementor-section-boxed elementor-section-height-default elementor-section-height-default\" data-id=\"0b3d2df\" data-element_type=\"section\" data-e-type=\"section\">\n\t\t\t\t\t\t<div class=\"elementor-container elementor-column-gap-default\">\n\t\t\t\t\t<div class=\"elementor-column elementor-col-100 elementor-top-column elementor-element elementor-element-91c7e36\" data-id=\"91c7e36\" data-element_type=\"column\" data-e-type=\"column\">\n\t\t\t<div class=\"elementor-widget-wrap elementor-element-populated\">\n\t\t\t\t\t\t<div class=\"elementor-element elementor-element-baadbe4 elementor-widget elementor-widget-text-editor\" data-id=\"baadbe4\" data-element_type=\"widget\" data-e-type=\"widget\" data-widget_type=\"text-editor.default\">\n\t\t\t\t<div class=\"elementor-widget-container\">\n\t\t\t\t\t\t\t\t\t<p><strong>Feriados Nacionales<\/strong><br \/>Algunos servicios incrementar\u00e1n sus tarifas durante Feriados o fechas especiales en Per\u00fa:<\/p><ul><li>01 enero A\u00f1o Nuevo.<\/li><li>Jueves y viernes Santo<\/li><li>Semana Santa (fecha movible).<\/li><li>01 Mayo D\u00eda del trabajo.<\/li><li>29 Junio D\u00eda de San Pedro y San Pablo.<\/li><li>28 y 29 Julio Fiestas Patrias.<\/li><li>30 Agosto D\u00eda de Santa Rosa de Lima.<\/li><li>08 Octubre Combate de Angamos.<\/li><li>01 Noviembre D\u00eda de todos los Santos.<\/li><li>08 Diciembre D\u00eda de la Inmaculada Concepci\u00f3n.<\/li><li>25 Diciembre Navidad.<\/li><\/ul><p>En caso de realizarse eventos especiales, congresos, f\u00f3rums o cumbres internacionales en nuestro pa\u00eds tambi\u00e9n aplica sobrecostos.<\/p><p><strong>Fechas Especiales:<\/strong><\/p><ul><li>18 enero Aniversario de Lima.<\/li><li>1er s\u00e1bado de febrero D\u00eda Nacional del Pisco Sour.<\/li><li>1er domingo de febrero D\u00eda Nacional de la Pachamanca.<\/li><li>14 febrero D\u00eda de San Valent\u00edn.<\/li><li>20 febrero D\u00eda de las bebidas naturales tradicionales.<\/li><li>08 Marzo D\u00eda Internacional de la Mujer.<\/li><li>2do Domingo Mayo D\u00eda de la Madre.<\/li><li>30 Mayo D\u00eda Nacional de la papa.<\/li><li>01 junio D\u00eda Internacional de la leche.<\/li><li>28 junio D\u00eda del ceviche.<\/li><li>3er domingo de junio D\u00eda del Padre.<\/li><li>24 Junio Inti Raymi \u2013 Fiesta del Sol.<\/li><li>3er Domingo de Julio D\u00eda del pollo a la brasa.<\/li><li>4to Domingo de Julio D\u00eda Nacional del Pisco.<\/li><li>4to viernes de agosto D\u00eda Nacional del caf\u00e9 peruano.<\/li><li>2do viernes de octubre D\u00eda Nacional del cuy.<\/li><li>2do viernes de octubre D\u00eda Mundial del huevo.<\/li><li>16 octubre D\u00eda Mundial del pan.<\/li><li>3er s\u00e1bado de octubre D\u00eda del anticucho.<\/li><li>31 octubre D\u00eda de la canci\u00f3n criolla<\/li><\/ul><p>Los d\u00edas de los alimentos arriba mencionados han sido destacados por su valor nutricional y\/o tradici\u00f3n.<\/p><p><strong>Ropa:<\/strong><br \/>Nuestro pa\u00eds est\u00e1 dividido en tres regiones geogr\u00e1ficas: costa, sierra y selva.<br \/>La Costa, presenta un clima m\u00e1s c\u00e1lido en el norte y un poco m\u00e1s fr\u00edo en el centro y sur, casi no llueve, a excepci\u00f3n del norte en la temporada de verano y gar\u00faas en la costa central (Lima) y costa sur (Arequipa).<br \/>En las zonas andinas y monta\u00f1osas el clima es fr\u00edo y seco, con lluvias m\u00e1s intensas.<br \/>La zona de la Selva, presenta un clima tropical, caluroso y muy h\u00famedo, con presencia de fuertes lluvias que se incrementan en la \u00e9poca de verano.<\/p><p>El clima var\u00eda de acuerdo a las estaciones y las regiones:<\/p><ul><li>Verano: 22 de diciembre. Al 21 de marzo.<\/li><li>Oto\u00f1o: 22 de marzo. Al 21 de junio.<\/li><li>Invierno: 22 de junio. Al 22 de septiembre.<\/li><li>Primavera: 23 de septiembre. Al 21 de diciembre.<\/li><\/ul><p>Dependiendo del destino o destinos a visitar, recomendamos empacar diferentes tipos de ropa, ya que dependiendo de la zona donde se encuentren se pueden presentar diferentes climas:<\/p><ul><li>Costa: Entre los meses de enero a diciembre a la ciudades de Lima, Ica y Nazca, es recomendable llevar ropa ligera, tal vez ropa deportiva de preferencia de algod\u00f3n y sandalias, zapatillas, ropa de ba\u00f1o. Sin embargo deben tener en cuenta que entre los meses de noviembre a abril, la temperatura desciende y la humedad es bastante alta, para lo que necesitar\u00e1 ropa de abrigo y zapatos cerrados.<br \/><br \/><\/li><li>Sierra: En ciudades como Cusco, Arequipa y Puno necesitar\u00e1 ropa ligera durante el d\u00eda, y para la noche ropa de abrigo como casacas o chaquetas, si visita estos lugares entre noviembre y abril es conveniente llevar ropa t\u00e9rmica e impermeables porque es muy probable que lo sorprenda una lluvia.<br \/><br \/><\/li><li>Selva: Si visita ciudades como Puerto Maldonado o Iquitos, es recomendable llevar ropa ligera y de colores claros, y muy importante camisetas o polos de manga larga y pantalones de bota larga tambi\u00e9n, esto con el fin de evitar las picaduras de mosquitos. No olviden llevar botas para caminatas en la selva, un repelente de mosquitos y un impermeable en caso de tormenta.<\/li><\/ul><p>Independientemente de la temporada que elija para viajar al Per\u00fa, y de la zona que visite, es necesario que lleve ropa de abrigo, pantalones c\u00f3modos, zapatos para caminatas, un buen protector solar y sombrero (para protegerse tanto del sol como del fr\u00edo)<\/p><p><strong>Para las excursiones<\/strong><br \/>Si vas a hacer caminatas de 1 d\u00eda, es recomendable que lleve un gorro o sombrero, ropa de acuerdo a la estaci\u00f3n y regi\u00f3n donde va a realizar la caminata, es importante llevar tambi\u00e9n un paraguas y casaca impermeable, sobre todo en la sierra como Cusco y Puno, donde por las tardes corren fuertes vientos.<br \/>Si va a hacer caminatas que duren m\u00e1s de un d\u00eda, debe ser muy cuidadoso con las cosas que lleva, ya que muchas veces pueden pesar demasiado y resultarle innecesarias e inc\u00f3modas durante la caminata. Lleve s\u00f3lo lo que el gu\u00eda le recomiende. Adem\u00e1s de una buena bolsa de dormir, zapatos especiales para caminatas y un impermeable, sobre todo en la sierra. Recuerde tomar mucho l\u00edquido durante las caminatas, teniendo cuidado que siempre sea envasado est\u00e9 esterilizado.<\/p><p><strong>Para la aventura<\/strong><br \/>Si va a hacer canotaje, es imprescindible llevar m\u00e1s de una muda de ropa completa, unos buenos anteojos de sol, para evitar el reflejo del sol sobre el agua, y todo deber\u00e1 estar bien sujeto al cuerpo, ya que no tendr\u00e1 la oportunidad de sujetarlo con las manos, es muy importante poner atenci\u00f3n a la charla previa a la excursi\u00f3n.<br \/>Si va a hacer excursiones como bicicleta de monta\u00f1a, cuatrimotos o motocicletas, es importante llevar unos buenos anteojos de sol, que lo protejan del sol, el viento y el polvo, el resto del equipo como cascos y protectores est\u00e1n a cargo de la agencia operadora.<\/p><p><br \/><strong>Seguridad:<br \/><\/strong>Informaci\u00f3n y Asistencia al Turista <br \/>iPer\u00fa, es el servicio que brinda el estado Peruano, y ofrece a los turistas la informaci\u00f3n completa acerca de atractivos, destinos, tiempos de viaje, rutas y de las empresas que brindan servicios tur\u00edsticos que se encuentran registradas. En caso de surgir alg\u00fan inconveniente durante su viaje por el Per\u00fa tambi\u00e9n le ofrece asistencia. Ofrecen atenci\u00f3n en espa\u00f1ol e ingl\u00e9s.<\/p><p><strong>Prevenci\u00f3n:<\/strong><\/p><ul><li>No lleve consigo grandes cantidades de dinero ni objetos de valor.<\/li><li>No deje sus pertenencias, lejos de usted y fuera de su vista.<\/li><li>No use taxis no oficiales.<\/li><li>No realice cambios de moneda en la calle o con cambistas informales.<\/li><li>No conf\u00ede en personas que se hagan pasar por gu\u00edas, asistentes u otros, pida que le muestren una identificaci\u00f3n.<\/li><\/ul><p>Salud:<\/p><ul><li>Es recomendable, descansar inmediatamente a su llegada para evitar el mal de altura y tomar mate de hojas de coca, sobre todo cuando viaja a ciudades en la sierra como Cusco, Puno, Cajamarca entre otros.<\/li><li>No comer demasiado, esto debido a que en los lugares de m\u00e1s altitud, la digesti\u00f3n es lenta y por lo tanto se vuelve pesada.<\/li><li>No realizar esfuerzos y dormir lo suficiente, tambi\u00e9n ayuda a combatir el mal de altura.<\/li><li>Beber l\u00edquidos en abundancia, sobre todo si visita zonas de gran altitud, de preferencia agua embotellada.<\/li><\/ul><p><strong>Leyes:<\/strong><br \/>Drogas: El tr\u00e1fico de drogas es un crimen serio en Per\u00fa y los narcotraficantes enfrentan largas temporadas de c\u00e1rcel.<br \/>La exportaci\u00f3n de art\u00edculos de arte est\u00e1 prohibida, animales disecados.<br \/>La explotaci\u00f3n sexual infantil y\/o a menores de edad (menores de 18 a\u00f1os), es penado con hasta 25 a\u00f1os de c\u00e1rcel sin beneficios.<\/p><p><strong>Visa Americana:<\/strong> <br \/>A continuaci\u00f3n le dejamos un link en el cual podr\u00e1 encontrar los requisitos que usted necesita para solicitar la Visa Americana: <a href=\"https:\/\/www.solicituddevisaamericana.com\/requisitos-para-visa-americana\/\" target=\"_blank\" rel=\"noopener\">https:\/\/www.solicituddevisaamericana.com\/requisitos-para-visa-americana\/<\/a><\/p>\t\t\t\t\t\t\t\t<\/div>\n\t\t\t\t<\/div>\n\t\t\t\t\t<\/div>\n\t\t<\/div>\n\t\t\t\t\t<\/div>\n\t\t<\/section>\n\t\t\t\t<section class=\"elementor-section elementor-top-section elementor-element elementor-element-df0acd4 elementor-section-boxed elementor-section-height-default elementor-section-height-default\" data-id=\"df0acd4\" data-element_type=\"section\" data-e-type=\"section\">\n\t\t\t\t\t\t<div class=\"elementor-container elementor-column-gap-default\">\n\t\t\t\t\t<div class=\"elementor-column elementor-col-100 elementor-top-column elementor-element elementor-element-0aa8ab7\" data-id=\"0aa8ab7\" data-element_type=\"column\" data-e-type=\"column\">\n\t\t\t<div class=\"elementor-widget-wrap elementor-element-populated\">\n\t\t\t\t\t\t<div class=\"elementor-element elementor-element-2c5549f elementor-widget elementor-widget-image\" data-id=\"2c5549f\" data-element_type=\"widget\" data-e-type=\"widget\" data-widget_type=\"image.default\">\n\t\t\t\t<div class=\"elementor-widget-container\">\n\t\t\t\t\t\t\t\t\t\t\t\t\t\t\t<img decoding=\"async\" width=\"300\" height=\"109\" src=\"https:\/\/terramagicaperu.com\/wp-content\/uploads\/2019\/01\/LOGOTIPO-TERRA-MAGICA-PERU-e1549552534323-300x109.png\" class=\"attachment-medium size-medium wp-image-16\" alt=\"\" srcset=\"https:\/\/terramagicaperu.com\/wp-content\/uploads\/2019\/01\/LOGOTIPO-TERRA-MAGICA-PERU-e1549552534323-300x109.png 300w, https:\/\/terramagicaperu.com\/wp-content\/uploads\/2019\/01\/LOGOTIPO-TERRA-MAGICA-PERU-e1549552534323.png 550w\" sizes=\"(max-width: 300px) 100vw, 300px\" \/>\t\t\t\t\t\t\t\t\t\t\t\t\t\t\t<\/div>\n\t\t\t\t<\/div>\n\t\t\t\t\t<\/div>\n\t\t<\/div>\n\t\t\t\t\t<\/div>\n\t\t<\/section>\n\t\t\t\t<\/div>","protected":false},"excerpt":{"rendered":"<p>RECOMENDACIONES Feriados NacionalesAlgunos servicios incrementar\u00e1n sus tarifas durante Feriados o fechas especiales en Per\u00fa: 01 enero A\u00f1o Nuevo. Jueves y viernes Santo Semana Santa (fecha movible). 01 Mayo D\u00eda del trabajo. 29 Junio D\u00eda de San Pedro y San Pablo. 28 y 29 Julio Fiestas Patrias. 30 Agosto D\u00eda de Santa Rosa de Lima. 08 [&hellip;]<\/p>\n","protected":false},"author":1,"featured_media":0,"parent":0,"menu_order":0,"comment_status":"closed","ping_status":"closed","template":"","meta":{"ocean_post_layout":"full-width","ocean_both_sidebars_style":"","ocean_both_sidebars_content_width":0,"ocean_both_sidebars_sidebars_width":0,"ocean_sidebar":"0","ocean_second_sidebar":"0","ocean_disable_margins":"on","ocean_add_body_class":"","ocean_shortcode_before_top_bar":"","ocean_shortcode_after_top_bar":"","ocean_shortcode_before_header":"","ocean_shortcode_after_header":"","ocean_has_shortcode":"","ocean_shortcode_after_title":"","ocean_shortcode_before_footer_widgets":"","ocean_shortcode_after_footer_widgets":"","ocean_shortcode_before_footer_bottom":"","ocean_shortcode_after_footer_bottom":"","ocean_display_top_bar":"off","ocean_display_header":"default","ocean_header_style":"","ocean_center_header_left_menu":"0","ocean_custom_header_template":"0","ocean_custom_logo":0,"ocean_custom_retina_logo":0,"ocean_custom_logo_max_width":0,"ocean_custom_logo_tablet_max_width":0,"ocean_custom_logo_mobile_max_width":0,"ocean_custom_logo_max_height":0,"ocean_custom_logo_tablet_max_height":0,"ocean_custom_logo_mobile_max_height":0,"ocean_header_custom_menu":"0","ocean_menu_typo_font_family":"0","ocean_menu_typo_font_subset":"","ocean_menu_typo_font_size":0,"ocean_menu_typo_font_size_tablet":0,"ocean_menu_typo_font_size_mobile":0,"ocean_menu_typo_font_size_unit":"px","ocean_menu_typo_font_weight":"","ocean_menu_typo_font_weight_tablet":"","ocean_menu_typo_font_weight_mobile":"","ocean_menu_typo_transform":"","ocean_menu_typo_transform_tablet":"","ocean_menu_typo_transform_mobile":"","ocean_menu_typo_line_height":0,"ocean_menu_typo_line_height_tablet":0,"ocean_menu_typo_line_height_mobile":0,"ocean_menu_typo_line_height_unit":"","ocean_menu_typo_spacing":0,"ocean_menu_typo_spacing_tablet":0,"ocean_menu_typo_spacing_mobile":0,"ocean_menu_typo_spacing_unit":"","ocean_menu_link_color":"","ocean_menu_link_color_hover":"","ocean_menu_link_color_active":"","ocean_menu_link_background":"","ocean_menu_link_hover_background":"","ocean_menu_link_active_background":"","ocean_menu_social_links_bg":"","ocean_menu_social_hover_links_bg":"","ocean_menu_social_links_color":"","ocean_menu_social_hover_links_color":"","ocean_disable_title":"on","ocean_disable_heading":"default","ocean_post_title":"","ocean_post_subheading":"","ocean_post_title_style":"","ocean_post_title_background_color":"","ocean_post_title_background":0,"ocean_post_title_bg_image_position":"","ocean_post_title_bg_image_attachment":"","ocean_post_title_bg_image_repeat":"","ocean_post_title_bg_image_size":"","ocean_post_title_height":0,"ocean_post_title_bg_overlay":0.5,"ocean_post_title_bg_overlay_color":"","ocean_disable_breadcrumbs":"default","ocean_breadcrumbs_color":"","ocean_breadcrumbs_separator_color":"","ocean_breadcrumbs_links_color":"","ocean_breadcrumbs_links_hover_color":"","ocean_display_footer_widgets":"default","ocean_display_footer_bottom":"default","ocean_custom_footer_template":"0","footnotes":""},"class_list":["post-679","page","type-page","status-publish","hentry","entry"],"yoast_head":"<!-- This site is optimized with the Yoast SEO plugin v27.5 - https:\/\/yoast.com\/product\/yoast-seo-wordpress\/ -->\n<title>Recomendaciones - TERRA M\u00c1GICA PER\u00da<\/title>\n<meta name=\"description\" content=\"El pasajero acepta los t\u00e9rminos y condiciones al momento de hacer la reserva, en caso de no ser as\u00ed la empresa puede tomar medidas de exclusi\u00f3n.\" \/>\n<meta name=\"robots\" content=\"index, follow, max-snippet:-1, max-image-preview:large, max-video-preview:-1\" \/>\n<link rel=\"canonical\" href=\"https:\/\/terramagicaperu.com\/en\/recomendaciones\/\" \/>\n<meta property=\"og:locale\" content=\"en_US\" \/>\n<meta property=\"og:type\" content=\"article\" \/>\n<meta property=\"og:title\" content=\"Recomendaciones - TERRA M\u00c1GICA PER\u00da\" \/>\n<meta property=\"og:description\" content=\"El pasajero acepta los t\u00e9rminos y condiciones al momento de hacer la reserva, en caso de no ser as\u00ed la empresa puede tomar medidas de exclusi\u00f3n.\" \/>\n<meta property=\"og:url\" content=\"https:\/\/terramagicaperu.com\/en\/recomendaciones\/\" \/>\n<meta property=\"og:site_name\" content=\"TERRA M\u00c1GICA PER\u00da\" \/>\n<meta property=\"article:modified_time\" content=\"2019-02-04T16:12:03+00:00\" \/>\n<meta property=\"og:image\" content=\"https:\/\/terramagicaperu.com\/wp-content\/uploads\/2019\/01\/LOGOTIPO-TERRA-MAGICA-PERU-300x109.png\" \/>\n<meta name=\"twitter:card\" content=\"summary_large_image\" \/>\n<meta name=\"twitter:label1\" content=\"Est. reading time\" \/>\n\t<meta name=\"twitter:data1\" content=\"6 minutes\" \/>\n<script type=\"application\/ld+json\" class=\"yoast-schema-graph\">{\"@context\":\"https:\\\/\\\/schema.org\",\"@graph\":[{\"@type\":\"WebPage\",\"@id\":\"https:\\\/\\\/terramagicaperu.com\\\/recomendaciones\\\/\",\"url\":\"https:\\\/\\\/terramagicaperu.com\\\/recomendaciones\\\/\",\"name\":\"Recomendaciones - TERRA M\u00c1GICA PER\u00da\",\"isPartOf\":{\"@id\":\"https:\\\/\\\/terramagicaperu.com\\\/#website\"},\"primaryImageOfPage\":{\"@id\":\"https:\\\/\\\/terramagicaperu.com\\\/recomendaciones\\\/#primaryimage\"},\"image\":{\"@id\":\"https:\\\/\\\/terramagicaperu.com\\\/recomendaciones\\\/#primaryimage\"},\"thumbnailUrl\":\"https:\\\/\\\/terramagicaperu.com\\\/wp-content\\\/uploads\\\/2019\\\/01\\\/LOGOTIPO-TERRA-MAGICA-PERU-300x109.png\",\"datePublished\":\"2019-02-04T15:54:05+00:00\",\"dateModified\":\"2019-02-04T16:12:03+00:00\",\"description\":\"El pasajero acepta los t\u00e9rminos y condiciones al momento de hacer la reserva, en caso de no ser as\u00ed la empresa puede tomar medidas de exclusi\u00f3n.\",\"breadcrumb\":{\"@id\":\"https:\\\/\\\/terramagicaperu.com\\\/recomendaciones\\\/#breadcrumb\"},\"inLanguage\":\"en-US\",\"potentialAction\":[{\"@type\":\"ReadAction\",\"target\":[\"https:\\\/\\\/terramagicaperu.com\\\/recomendaciones\\\/\"]}]},{\"@type\":\"ImageObject\",\"inLanguage\":\"en-US\",\"@id\":\"https:\\\/\\\/terramagicaperu.com\\\/recomendaciones\\\/#primaryimage\",\"url\":\"https:\\\/\\\/terramagicaperu.com\\\/wp-content\\\/uploads\\\/2019\\\/01\\\/LOGOTIPO-TERRA-MAGICA-PERU-300x109.png\",\"contentUrl\":\"https:\\\/\\\/terramagicaperu.com\\\/wp-content\\\/uploads\\\/2019\\\/01\\\/LOGOTIPO-TERRA-MAGICA-PERU-300x109.png\"},{\"@type\":\"BreadcrumbList\",\"@id\":\"https:\\\/\\\/terramagicaperu.com\\\/recomendaciones\\\/#breadcrumb\",\"itemListElement\":[{\"@type\":\"ListItem\",\"position\":1,\"name\":\"Portada\",\"item\":\"https:\\\/\\\/terramagicaperu.com\\\/\"},{\"@type\":\"ListItem\",\"position\":2,\"name\":\"Recomendaciones\"}]},{\"@type\":\"WebSite\",\"@id\":\"https:\\\/\\\/terramagicaperu.com\\\/#website\",\"url\":\"https:\\\/\\\/terramagicaperu.com\\\/\",\"name\":\"TERRA M\u00c1GICA PER\u00da\",\"description\":\"Operador Tur\u00edstico en Per\u00fa\",\"publisher\":{\"@id\":\"https:\\\/\\\/terramagicaperu.com\\\/#organization\"},\"potentialAction\":[{\"@type\":\"SearchAction\",\"target\":{\"@type\":\"EntryPoint\",\"urlTemplate\":\"https:\\\/\\\/terramagicaperu.com\\\/?s={search_term_string}\"},\"query-input\":{\"@type\":\"PropertyValueSpecification\",\"valueRequired\":true,\"valueName\":\"search_term_string\"}}],\"inLanguage\":\"en-US\"},{\"@type\":\"Organization\",\"@id\":\"https:\\\/\\\/terramagicaperu.com\\\/#organization\",\"name\":\"TERRA M\u00c1GICA PER\u00da\",\"url\":\"https:\\\/\\\/terramagicaperu.com\\\/\",\"logo\":{\"@type\":\"ImageObject\",\"inLanguage\":\"en-US\",\"@id\":\"https:\\\/\\\/terramagicaperu.com\\\/#\\\/schema\\\/logo\\\/image\\\/\",\"url\":\"https:\\\/\\\/terramagicaperu.com\\\/wp-content\\\/uploads\\\/2019\\\/01\\\/cropped-LOGOTIPO-TERRA-MAGICA-PERU-e1549552534323.png\",\"contentUrl\":\"https:\\\/\\\/terramagicaperu.com\\\/wp-content\\\/uploads\\\/2019\\\/01\\\/cropped-LOGOTIPO-TERRA-MAGICA-PERU-e1549552534323.png\",\"width\":550,\"height\":200,\"caption\":\"TERRA M\u00c1GICA PER\u00da\"},\"image\":{\"@id\":\"https:\\\/\\\/terramagicaperu.com\\\/#\\\/schema\\\/logo\\\/image\\\/\"}}]}<\/script>\n<!-- \/ Yoast SEO plugin. -->","yoast_head_json":{"title":"Recomendaciones - TERRA M\u00c1GICA PER\u00da","description":"El pasajero acepta los t\u00e9rminos y condiciones al momento de hacer la reserva, en caso de no ser as\u00ed la empresa puede tomar medidas de exclusi\u00f3n.","robots":{"index":"index","follow":"follow","max-snippet":"max-snippet:-1","max-image-preview":"max-image-preview:large","max-video-preview":"max-video-preview:-1"},"canonical":"https:\/\/terramagicaperu.com\/en\/recomendaciones\/","og_locale":"en_US","og_type":"article","og_title":"Recomendaciones - TERRA M\u00c1GICA PER\u00da","og_description":"El pasajero acepta los t\u00e9rminos y condiciones al momento de hacer la reserva, en caso de no ser as\u00ed la empresa puede tomar medidas de exclusi\u00f3n.","og_url":"https:\/\/terramagicaperu.com\/en\/recomendaciones\/","og_site_name":"TERRA M\u00c1GICA PER\u00da","article_modified_time":"2019-02-04T16:12:03+00:00","og_image":[{"url":"https:\/\/terramagicaperu.com\/wp-content\/uploads\/2019\/01\/LOGOTIPO-TERRA-MAGICA-PERU-300x109.png","type":"","width":"","height":""}],"twitter_card":"summary_large_image","twitter_misc":{"Est. reading time":"6 minutes"},"schema":{"@context":"https:\/\/schema.org","@graph":[{"@type":"WebPage","@id":"https:\/\/terramagicaperu.com\/recomendaciones\/","url":"https:\/\/terramagicaperu.com\/recomendaciones\/","name":"Recomendaciones - TERRA M\u00c1GICA PER\u00da","isPartOf":{"@id":"https:\/\/terramagicaperu.com\/#website"},"primaryImageOfPage":{"@id":"https:\/\/terramagicaperu.com\/recomendaciones\/#primaryimage"},"image":{"@id":"https:\/\/terramagicaperu.com\/recomendaciones\/#primaryimage"},"thumbnailUrl":"https:\/\/terramagicaperu.com\/wp-content\/uploads\/2019\/01\/LOGOTIPO-TERRA-MAGICA-PERU-300x109.png","datePublished":"2019-02-04T15:54:05+00:00","dateModified":"2019-02-04T16:12:03+00:00","description":"El pasajero acepta los t\u00e9rminos y condiciones al momento de hacer la reserva, en caso de no ser as\u00ed la empresa puede tomar medidas de exclusi\u00f3n.","breadcrumb":{"@id":"https:\/\/terramagicaperu.com\/recomendaciones\/#breadcrumb"},"inLanguage":"en-US","potentialAction":[{"@type":"ReadAction","target":["https:\/\/terramagicaperu.com\/recomendaciones\/"]}]},{"@type":"ImageObject","inLanguage":"en-US","@id":"https:\/\/terramagicaperu.com\/recomendaciones\/#primaryimage","url":"https:\/\/terramagicaperu.com\/wp-content\/uploads\/2019\/01\/LOGOTIPO-TERRA-MAGICA-PERU-300x109.png","contentUrl":"https:\/\/terramagicaperu.com\/wp-content\/uploads\/2019\/01\/LOGOTIPO-TERRA-MAGICA-PERU-300x109.png"},{"@type":"BreadcrumbList","@id":"https:\/\/terramagicaperu.com\/recomendaciones\/#breadcrumb","itemListElement":[{"@type":"ListItem","position":1,"name":"Portada","item":"https:\/\/terramagicaperu.com\/"},{"@type":"ListItem","position":2,"name":"Recomendaciones"}]},{"@type":"WebSite","@id":"https:\/\/terramagicaperu.com\/#website","url":"https:\/\/terramagicaperu.com\/","name":"TERRA M\u00c1GICA PER\u00da","description":"Operador Tur\u00edstico en Per\u00fa","publisher":{"@id":"https:\/\/terramagicaperu.com\/#organization"},"potentialAction":[{"@type":"SearchAction","target":{"@type":"EntryPoint","urlTemplate":"https:\/\/terramagicaperu.com\/?s={search_term_string}"},"query-input":{"@type":"PropertyValueSpecification","valueRequired":true,"valueName":"search_term_string"}}],"inLanguage":"en-US"},{"@type":"Organization","@id":"https:\/\/terramagicaperu.com\/#organization","name":"TERRA M\u00c1GICA PER\u00da","url":"https:\/\/terramagicaperu.com\/","logo":{"@type":"ImageObject","inLanguage":"en-US","@id":"https:\/\/terramagicaperu.com\/#\/schema\/logo\/image\/","url":"https:\/\/terramagicaperu.com\/wp-content\/uploads\/2019\/01\/cropped-LOGOTIPO-TERRA-MAGICA-PERU-e1549552534323.png","contentUrl":"https:\/\/terramagicaperu.com\/wp-content\/uploads\/2019\/01\/cropped-LOGOTIPO-TERRA-MAGICA-PERU-e1549552534323.png","width":550,"height":200,"caption":"TERRA M\u00c1GICA PER\u00da"},"image":{"@id":"https:\/\/terramagicaperu.com\/#\/schema\/logo\/image\/"}}]}},"_links":{"self":[{"href":"https:\/\/terramagicaperu.com\/en\/wp-json\/wp\/v2\/pages\/679","targetHints":{"allow":["GET"]}}],"collection":[{"href":"https:\/\/terramagicaperu.com\/en\/wp-json\/wp\/v2\/pages"}],"about":[{"href":"https:\/\/terramagicaperu.com\/en\/wp-json\/wp\/v2\/types\/page"}],"author":[{"embeddable":true,"href":"https:\/\/terramagicaperu.com\/en\/wp-json\/wp\/v2\/users\/1"}],"replies":[{"embeddable":true,"href":"https:\/\/terramagicaperu.com\/en\/wp-json\/wp\/v2\/comments?post=679"}],"version-history":[{"count":2,"href":"https:\/\/terramagicaperu.com\/en\/wp-json\/wp\/v2\/pages\/679\/revisions"}],"predecessor-version":[{"id":681,"href":"https:\/\/terramagicaperu.com\/en\/wp-json\/wp\/v2\/pages\/679\/revisions\/681"}],"wp:attachment":[{"href":"https:\/\/terramagicaperu.com\/en\/wp-json\/wp\/v2\/media?parent=679"}],"curies":[{"name":"wp","href":"https:\/\/api.w.org\/{rel}","templated":true}]}}