{"id":1268,"date":"2020-01-21T20:23:16","date_gmt":"2020-01-21T20:23:16","guid":{"rendered":"https:\/\/terramagicaperu.com\/?page_id=1268"},"modified":"2020-09-09T21:03:40","modified_gmt":"2020-09-09T21:03:40","slug":"nosotros-terra-magica-peru","status":"publish","type":"page","link":"https:\/\/terramagicaperu.com\/en\/nosotros-terra-magica-peru\/","title":{"rendered":"Nosotros &#8211; TERRA M\u00c1GICA PER\u00da"},"content":{"rendered":"<div data-elementor-type=\"wp-page\" data-elementor-id=\"1268\" class=\"elementor elementor-1268\">\n\t\t\t\t\t\t<section class=\"elementor-section elementor-top-section elementor-element elementor-element-cc6723a elementor-section-stretched elementor-section-height-min-height elementor-section-boxed elementor-section-height-default elementor-section-items-middle\" data-id=\"cc6723a\" data-element_type=\"section\" data-e-type=\"section\" data-settings=\"{&quot;stretch_section&quot;:&quot;section-stretched&quot;,&quot;background_background&quot;:&quot;classic&quot;}\">\n\t\t\t\t\t\t<div class=\"elementor-container elementor-column-gap-default\">\n\t\t\t\t\t<div class=\"elementor-column elementor-col-100 elementor-top-column elementor-element elementor-element-19a963f\" data-id=\"19a963f\" data-element_type=\"column\" data-e-type=\"column\">\n\t\t\t<div class=\"elementor-widget-wrap elementor-element-populated\">\n\t\t\t\t\t\t<div class=\"elementor-element elementor-element-a1201a1 elementor-widget elementor-widget-heading\" data-id=\"a1201a1\" data-element_type=\"widget\" data-e-type=\"widget\" data-widget_type=\"heading.default\">\n\t\t\t\t<div class=\"elementor-widget-container\">\n\t\t\t\t\t<h2 class=\"elementor-heading-title elementor-size-default\">TERRA M\u00c1GICA PER\u00da<\/h2>\t\t\t\t<\/div>\n\t\t\t\t<\/div>\n\t\t\t\t<div class=\"elementor-element elementor-element-d8a3c23 elementor-widget elementor-widget-text-editor\" data-id=\"d8a3c23\" data-element_type=\"widget\" data-e-type=\"widget\" data-widget_type=\"text-editor.default\">\n\t\t\t\t<div class=\"elementor-widget-container\">\n\t\t\t\t\t\t\t\t\t<p>ABOUT US<\/p>\t\t\t\t\t\t\t\t<\/div>\n\t\t\t\t<\/div>\n\t\t\t\t\t<\/div>\n\t\t<\/div>\n\t\t\t\t\t<\/div>\n\t\t<\/section>\n\t\t\t\t<section class=\"elementor-section elementor-top-section elementor-element elementor-element-c2ff0d7 elementor-section-boxed elementor-section-height-default elementor-section-height-default\" data-id=\"c2ff0d7\" data-element_type=\"section\" data-e-type=\"section\">\n\t\t\t\t\t\t<div class=\"elementor-container elementor-column-gap-default\">\n\t\t\t\t\t<div class=\"elementor-column elementor-col-100 elementor-top-column elementor-element elementor-element-1a705c1\" data-id=\"1a705c1\" data-element_type=\"column\" data-e-type=\"column\">\n\t\t\t<div class=\"elementor-widget-wrap elementor-element-populated\">\n\t\t\t\t\t\t<div class=\"elementor-element elementor-element-383199c elementor-widget elementor-widget-spacer\" data-id=\"383199c\" data-element_type=\"widget\" data-e-type=\"widget\" data-widget_type=\"spacer.default\">\n\t\t\t\t<div class=\"elementor-widget-container\">\n\t\t\t\t\t\t\t<div class=\"elementor-spacer\">\n\t\t\t<div class=\"elementor-spacer-inner\"><\/div>\n\t\t<\/div>\n\t\t\t\t\t\t<\/div>\n\t\t\t\t<\/div>\n\t\t\t\t\t<\/div>\n\t\t<\/div>\n\t\t\t\t\t<\/div>\n\t\t<\/section>\n\t\t\t\t<section class=\"elementor-section elementor-top-section elementor-element elementor-element-bd3d0d3 elementor-section-boxed elementor-section-height-default elementor-section-height-default\" data-id=\"bd3d0d3\" data-element_type=\"section\" data-e-type=\"section\">\n\t\t\t\t\t\t<div class=\"elementor-container elementor-column-gap-default\">\n\t\t\t\t\t<div class=\"elementor-column elementor-col-50 elementor-top-column elementor-element elementor-element-3e559f7\" data-id=\"3e559f7\" data-element_type=\"column\" data-e-type=\"column\">\n\t\t\t<div class=\"elementor-widget-wrap elementor-element-populated\">\n\t\t\t\t\t\t<div class=\"elementor-element elementor-element-49cfe3f elementor-widget elementor-widget-heading\" data-id=\"49cfe3f\" data-element_type=\"widget\" data-e-type=\"widget\" data-widget_type=\"heading.default\">\n\t\t\t\t<div class=\"elementor-widget-container\">\n\t\t\t\t\t<h2 class=\"elementor-heading-title elementor-size-default\">About Us?<\/h2>\t\t\t\t<\/div>\n\t\t\t\t<\/div>\n\t\t\t\t<div class=\"elementor-element elementor-element-87762e8 elementor-widget elementor-widget-text-editor\" data-id=\"87762e8\" data-element_type=\"widget\" data-e-type=\"widget\" data-widget_type=\"text-editor.default\">\n\t\t\t\t<div class=\"elementor-widget-container\">\n\t\t\t\t\t\t\t\t\t<p>About our company<\/p>\t\t\t\t\t\t\t\t<\/div>\n\t\t\t\t<\/div>\n\t\t\t\t<div class=\"elementor-element elementor-element-cc06e60 elementor-widget-divider--view-line elementor-widget elementor-widget-divider\" data-id=\"cc06e60\" data-element_type=\"widget\" data-e-type=\"widget\" data-widget_type=\"divider.default\">\n\t\t\t\t<div class=\"elementor-widget-container\">\n\t\t\t\t\t\t\t<div class=\"elementor-divider\">\n\t\t\t<span class=\"elementor-divider-separator\">\n\t\t\t\t\t\t<\/span>\n\t\t<\/div>\n\t\t\t\t\t\t<\/div>\n\t\t\t\t<\/div>\n\t\t\t\t<div class=\"elementor-element elementor-element-600501c elementor-widget elementor-widget-heading\" data-id=\"600501c\" data-element_type=\"widget\" data-e-type=\"widget\" data-widget_type=\"heading.default\">\n\t\t\t\t<div class=\"elementor-widget-container\">\n\t\t\t\t\t<h2 class=\"elementor-heading-title elementor-size-default\">We are your one-stop shop for your next trip!<\/h2>\t\t\t\t<\/div>\n\t\t\t\t<\/div>\n\t\t\t\t<div class=\"elementor-element elementor-element-75ec9e4 elementor-widget elementor-widget-text-editor\" data-id=\"75ec9e4\" data-element_type=\"widget\" data-e-type=\"widget\" data-widget_type=\"text-editor.default\">\n\t\t\t\t<div class=\"elementor-widget-container\">\n\t\t\t\t\t\t\t\t\t<p>Just tells us when and where you want to go, and we\u2019ll take care of everything else. Whether you are just looking for a good deal on flight tickets, hotels, or you want a full package, we\u2019re here to help you.<\/p><p>Our team is made up of Peruvians who are completely in love with their country. Because of this, we want to share all the riches our country has to offer to our fellow compatriots, and brothers and sisters from all over the world. Whether you are vacationing or traveling for work; whether you are looking for beaches, mountains or the jungle; or maybe you just want to try delicious food, whatever your reason may be, whatever you\u2019re looking for, Peru has everything, come and see it for yourself.<\/p>\t\t\t\t\t\t\t\t<\/div>\n\t\t\t\t<\/div>\n\t\t\t\t<div class=\"elementor-element elementor-element-a113698 elementor-position-inline-start elementor-view-default elementor-mobile-position-block-start elementor-widget elementor-widget-icon-box\" data-id=\"a113698\" data-element_type=\"widget\" data-e-type=\"widget\" data-widget_type=\"icon-box.default\">\n\t\t\t\t<div class=\"elementor-widget-container\">\n\t\t\t\t\t\t\t<div class=\"elementor-icon-box-wrapper\">\n\n\t\t\t\t\t\t<div class=\"elementor-icon-box-icon\">\n\t\t\t\t<span  class=\"elementor-icon\">\n\t\t\t\t<i aria-hidden=\"true\" class=\"fas fa-check-square\"><\/i>\t\t\t\t<\/span>\n\t\t\t<\/div>\n\t\t\t\n\t\t\t\t\t\t<div class=\"elementor-icon-box-content\">\n\n\t\t\t\t\t\t\t\t\t<h3 class=\"elementor-icon-box-title\">\n\t\t\t\t\t\t<span  >\n\t\t\t\t\t\t\tDATOS DE NUESTRA EMPRESA\t\t\t\t\t\t<\/span>\n\t\t\t\t\t<\/h3>\n\t\t\t\t\n\t\t\t\t\n\t\t\t<\/div>\n\t\t\t\n\t\t<\/div>\n\t\t\t\t\t\t<\/div>\n\t\t\t\t<\/div>\n\t\t\t\t<div class=\"elementor-element elementor-element-3072c66 elementor-icon-list--layout-traditional elementor-list-item-link-full_width elementor-widget elementor-widget-icon-list\" data-id=\"3072c66\" data-element_type=\"widget\" data-e-type=\"widget\" data-widget_type=\"icon-list.default\">\n\t\t\t\t<div class=\"elementor-widget-container\">\n\t\t\t\t\t\t\t<ul class=\"elementor-icon-list-items\">\n\t\t\t\t\t\t\t<li class=\"elementor-icon-list-item\">\n\t\t\t\t\t\t\t\t\t\t\t<span class=\"elementor-icon-list-icon\">\n\t\t\t\t\t\t\t<i aria-hidden=\"true\" class=\"far fa-dot-circle\"><\/i>\t\t\t\t\t\t<\/span>\n\t\t\t\t\t\t\t\t\t\t<span class=\"elementor-icon-list-text\">Raz\u00f3n Social: Terra M\u00e1gica Per\u00fa SAC<\/span>\n\t\t\t\t\t\t\t\t\t<\/li>\n\t\t\t\t\t\t\t\t<li class=\"elementor-icon-list-item\">\n\t\t\t\t\t\t\t\t\t\t\t<span class=\"elementor-icon-list-icon\">\n\t\t\t\t\t\t\t<i aria-hidden=\"true\" class=\"far fa-dot-circle\"><\/i>\t\t\t\t\t\t<\/span>\n\t\t\t\t\t\t\t\t\t\t<span class=\"elementor-icon-list-text\">RUC: 20522643247<\/span>\n\t\t\t\t\t\t\t\t\t<\/li>\n\t\t\t\t\t\t\t\t<li class=\"elementor-icon-list-item\">\n\t\t\t\t\t\t\t\t\t\t\t<span class=\"elementor-icon-list-icon\">\n\t\t\t\t\t\t\t<i aria-hidden=\"true\" class=\"far fa-dot-circle\"><\/i>\t\t\t\t\t\t<\/span>\n\t\t\t\t\t\t\t\t\t\t<span class=\"elementor-icon-list-text\">Nombre Comercial: Terra M\u00e1gica Per\u00fa<\/span>\n\t\t\t\t\t\t\t\t\t<\/li>\n\t\t\t\t\t\t<\/ul>\n\t\t\t\t\t\t<\/div>\n\t\t\t\t<\/div>\n\t\t\t\t\t<\/div>\n\t\t<\/div>\n\t\t\t\t<div class=\"elementor-column elementor-col-50 elementor-top-column elementor-element elementor-element-8f744c1\" data-id=\"8f744c1\" data-element_type=\"column\" data-e-type=\"column\">\n\t\t\t<div class=\"elementor-widget-wrap elementor-element-populated\">\n\t\t\t\t\t\t<div class=\"elementor-element elementor-element-64f8246 elementor-widget elementor-widget-heading\" data-id=\"64f8246\" data-element_type=\"widget\" data-e-type=\"widget\" data-widget_type=\"heading.default\">\n\t\t\t\t<div class=\"elementor-widget-container\">\n\t\t\t\t\t<h2 class=\"elementor-heading-title elementor-size-default\">MISSION<\/h2>\t\t\t\t<\/div>\n\t\t\t\t<\/div>\n\t\t\t\t<div class=\"elementor-element elementor-element-8c8ae42 elementor-widget elementor-widget-text-editor\" data-id=\"8c8ae42\" data-element_type=\"widget\" data-e-type=\"widget\" data-widget_type=\"text-editor.default\">\n\t\t\t\t<div class=\"elementor-widget-container\">\n\t\t\t\t\t\t\t\t\t<p>In order to promote the conservation and preservation of our heritage and environment, we must show everyone why it is so important and worth saving it. For this reason, we want the whole world to know about Peru and the different attractions it has offer. Likewise, it is our mission to provide our passengers with complete, objective, and up to date information on the destinations they want to visit.<\/p>\t\t\t\t\t\t\t\t<\/div>\n\t\t\t\t<\/div>\n\t\t\t\t<div class=\"elementor-element elementor-element-3813816 elementor-widget elementor-widget-heading\" data-id=\"3813816\" data-element_type=\"widget\" data-e-type=\"widget\" data-widget_type=\"heading.default\">\n\t\t\t\t<div class=\"elementor-widget-container\">\n\t\t\t\t\t<h2 class=\"elementor-heading-title elementor-size-default\">VISION<\/h2>\t\t\t\t<\/div>\n\t\t\t\t<\/div>\n\t\t\t\t<div class=\"elementor-element elementor-element-8cff383 elementor-widget elementor-widget-text-editor\" data-id=\"8cff383\" data-element_type=\"widget\" data-e-type=\"widget\" data-widget_type=\"text-editor.default\">\n\t\t\t\t<div class=\"elementor-widget-container\">\n\t\t\t\t\t\t\t\t\t<p>To be leaders in the Peru\u2019s touristic activity. By 2021, we will receive the Gold Award for the application of good practices in the management of travel agencies and tourism. By 2025, we will have two or more offices in emerging destinations in Peru.<\/p>\t\t\t\t\t\t\t\t<\/div>\n\t\t\t\t<\/div>\n\t\t\t\t\t<\/div>\n\t\t<\/div>\n\t\t\t\t\t<\/div>\n\t\t<\/section>\n\t\t\t\t<section class=\"elementor-section elementor-top-section elementor-element elementor-element-5248ed7 elementor-section-stretched elementor-section-height-min-height elementor-section-boxed elementor-section-height-default elementor-section-items-middle\" data-id=\"5248ed7\" data-element_type=\"section\" data-e-type=\"section\" data-settings=\"{&quot;stretch_section&quot;:&quot;section-stretched&quot;,&quot;background_background&quot;:&quot;classic&quot;}\">\n\t\t\t\t\t\t<div class=\"elementor-container elementor-column-gap-default\">\n\t\t\t\t\t<div class=\"elementor-column elementor-col-100 elementor-top-column elementor-element elementor-element-badf2d3\" data-id=\"badf2d3\" data-element_type=\"column\" data-e-type=\"column\">\n\t\t\t<div class=\"elementor-widget-wrap elementor-element-populated\">\n\t\t\t\t\t\t<div class=\"elementor-element elementor-element-63348fe elementor-widget elementor-widget-image\" data-id=\"63348fe\" data-element_type=\"widget\" data-e-type=\"widget\" data-widget_type=\"image.default\">\n\t\t\t\t<div class=\"elementor-widget-container\">\n\t\t\t\t\t\t\t\t\t\t\t\t\t\t\t<img decoding=\"async\" width=\"300\" height=\"109\" src=\"https:\/\/terramagicaperu.com\/wp-content\/uploads\/2019\/01\/LOGOTIPO-TERRA-MAGICA-PERU-e1549552534323-300x109.png\" class=\"attachment-medium size-medium wp-image-16\" alt=\"\" srcset=\"https:\/\/terramagicaperu.com\/wp-content\/uploads\/2019\/01\/LOGOTIPO-TERRA-MAGICA-PERU-e1549552534323-300x109.png 300w, https:\/\/terramagicaperu.com\/wp-content\/uploads\/2019\/01\/LOGOTIPO-TERRA-MAGICA-PERU-e1549552534323.png 550w\" sizes=\"(max-width: 300px) 100vw, 300px\" \/>\t\t\t\t\t\t\t\t\t\t\t\t\t\t\t<\/div>\n\t\t\t\t<\/div>\n\t\t\t\t<div class=\"elementor-element elementor-element-bb04d5a elementor-widget elementor-widget-heading\" data-id=\"bb04d5a\" data-element_type=\"widget\" data-e-type=\"widget\" data-widget_type=\"heading.default\">\n\t\t\t\t<div class=\"elementor-widget-container\">\n\t\t\t\t\t<h2 class=\"elementor-heading-title elementor-size-default\">Ready to get to know Peru?<\/h2>\t\t\t\t<\/div>\n\t\t\t\t<\/div>\n\t\t\t\t\t<\/div>\n\t\t<\/div>\n\t\t\t\t\t<\/div>\n\t\t<\/section>\n\t\t\t\t<\/div>","protected":false},"excerpt":{"rendered":"<p>TERRA M\u00c1GICA PER\u00da SOBRE NOSOTROS TERRA M\u00c1GICA PER\u00da &#8211; \u00bfQui\u00e9nes Somos? Acerca de Nuestra Empresa \u00a1Somos tu \u00fanica parada previa a tu pr\u00f3ximo viaje! T\u00fa solo dinos d\u00f3nde y cu\u00e1ndo desear ir, y Terra M\u00e1gica Per\u00fa se encargar\u00e1 de todo lo dem\u00e1s. Ya sea que solo buscas un boleto, un hotel, o quieres un paquete [&hellip;]<\/p>\n","protected":false},"author":1,"featured_media":0,"parent":0,"menu_order":0,"comment_status":"closed","ping_status":"closed","template":"","meta":{"ocean_post_layout":"full-width","ocean_both_sidebars_style":"","ocean_both_sidebars_content_width":0,"ocean_both_sidebars_sidebars_width":0,"ocean_sidebar":"0","ocean_second_sidebar":"0","ocean_disable_margins":"on","ocean_add_body_class":"","ocean_shortcode_before_top_bar":"","ocean_shortcode_after_top_bar":"","ocean_shortcode_before_header":"","ocean_shortcode_after_header":"","ocean_has_shortcode":"","ocean_shortcode_after_title":"","ocean_shortcode_before_footer_widgets":"","ocean_shortcode_after_footer_widgets":"","ocean_shortcode_before_footer_bottom":"","ocean_shortcode_after_footer_bottom":"","ocean_display_top_bar":"off","ocean_display_header":"default","ocean_header_style":"","ocean_center_header_left_menu":"0","ocean_custom_header_template":"0","ocean_custom_logo":0,"ocean_custom_retina_logo":0,"ocean_custom_logo_max_width":0,"ocean_custom_logo_tablet_max_width":0,"ocean_custom_logo_mobile_max_width":0,"ocean_custom_logo_max_height":0,"ocean_custom_logo_tablet_max_height":0,"ocean_custom_logo_mobile_max_height":0,"ocean_header_custom_menu":"0","ocean_menu_typo_font_family":"0","ocean_menu_typo_font_subset":"","ocean_menu_typo_font_size":0,"ocean_menu_typo_font_size_tablet":0,"ocean_menu_typo_font_size_mobile":0,"ocean_menu_typo_font_size_unit":"px","ocean_menu_typo_font_weight":"","ocean_menu_typo_font_weight_tablet":"","ocean_menu_typo_font_weight_mobile":"","ocean_menu_typo_transform":"","ocean_menu_typo_transform_tablet":"","ocean_menu_typo_transform_mobile":"","ocean_menu_typo_line_height":0,"ocean_menu_typo_line_height_tablet":0,"ocean_menu_typo_line_height_mobile":0,"ocean_menu_typo_line_height_unit":"","ocean_menu_typo_spacing":0,"ocean_menu_typo_spacing_tablet":0,"ocean_menu_typo_spacing_mobile":0,"ocean_menu_typo_spacing_unit":"","ocean_menu_link_color":"","ocean_menu_link_color_hover":"","ocean_menu_link_color_active":"","ocean_menu_link_background":"","ocean_menu_link_hover_background":"","ocean_menu_link_active_background":"","ocean_menu_social_links_bg":"","ocean_menu_social_hover_links_bg":"","ocean_menu_social_links_color":"","ocean_menu_social_hover_links_color":"","ocean_disable_title":"on","ocean_disable_heading":"default","ocean_post_title":"","ocean_post_subheading":"","ocean_post_title_style":"","ocean_post_title_background_color":"","ocean_post_title_background":0,"ocean_post_title_bg_image_position":"","ocean_post_title_bg_image_attachment":"","ocean_post_title_bg_image_repeat":"","ocean_post_title_bg_image_size":"","ocean_post_title_height":0,"ocean_post_title_bg_overlay":0.5,"ocean_post_title_bg_overlay_color":"","ocean_disable_breadcrumbs":"default","ocean_breadcrumbs_color":"","ocean_breadcrumbs_separator_color":"","ocean_breadcrumbs_links_color":"","ocean_breadcrumbs_links_hover_color":"","ocean_display_footer_widgets":"default","ocean_display_footer_bottom":"default","ocean_custom_footer_template":"0","footnotes":""},"class_list":["post-1268","page","type-page","status-publish","hentry","entry"],"yoast_head":"<!-- This site is optimized with the Yoast SEO plugin v27.5 - https:\/\/yoast.com\/product\/yoast-seo-wordpress\/ -->\n<title>Nosotros - TERRA M\u00c1GICA PER\u00da - TERRA M\u00c1GICA PER\u00da<\/title>\n<meta name=\"robots\" content=\"index, follow, max-snippet:-1, max-image-preview:large, max-video-preview:-1\" \/>\n<link rel=\"canonical\" href=\"https:\/\/terramagicaperu.com\/en\/nosotros-terra-magica-peru\/\" \/>\n<meta property=\"og:locale\" content=\"en_US\" \/>\n<meta property=\"og:type\" content=\"article\" \/>\n<meta property=\"og:title\" content=\"Nosotros - TERRA M\u00c1GICA PER\u00da - TERRA M\u00c1GICA PER\u00da\" \/>\n<meta property=\"og:description\" content=\"TERRA M\u00c1GICA PER\u00da SOBRE NOSOTROS TERRA M\u00c1GICA PER\u00da &#8211; \u00bfQui\u00e9nes Somos? Acerca de Nuestra Empresa \u00a1Somos tu \u00fanica parada previa a tu pr\u00f3ximo viaje! T\u00fa solo dinos d\u00f3nde y cu\u00e1ndo desear ir, y Terra M\u00e1gica Per\u00fa se encargar\u00e1 de todo lo dem\u00e1s. Ya sea que solo buscas un boleto, un hotel, o quieres un paquete [&hellip;]\" \/>\n<meta property=\"og:url\" content=\"https:\/\/terramagicaperu.com\/en\/nosotros-terra-magica-peru\/\" \/>\n<meta property=\"og:site_name\" content=\"TERRA M\u00c1GICA PER\u00da\" \/>\n<meta property=\"article:modified_time\" content=\"2020-09-09T21:03:40+00:00\" \/>\n<meta property=\"og:image\" content=\"https:\/\/terramagicaperu.com\/wp-content\/uploads\/2019\/01\/LOGOTIPO-TERRA-MAGICA-PERU-e1549552534323-300x109.png\" \/>\n<meta name=\"twitter:card\" content=\"summary_large_image\" \/>\n<meta name=\"twitter:label1\" content=\"Est. reading time\" \/>\n\t<meta name=\"twitter:data1\" content=\"1 minute\" \/>\n<script type=\"application\/ld+json\" class=\"yoast-schema-graph\">{\"@context\":\"https:\\\/\\\/schema.org\",\"@graph\":[{\"@type\":\"WebPage\",\"@id\":\"https:\\\/\\\/terramagicaperu.com\\\/nosotros-terra-magica-peru\\\/\",\"url\":\"https:\\\/\\\/terramagicaperu.com\\\/nosotros-terra-magica-peru\\\/\",\"name\":\"Nosotros - TERRA M\u00c1GICA PER\u00da - TERRA M\u00c1GICA PER\u00da\",\"isPartOf\":{\"@id\":\"https:\\\/\\\/terramagicaperu.com\\\/#website\"},\"primaryImageOfPage\":{\"@id\":\"https:\\\/\\\/terramagicaperu.com\\\/nosotros-terra-magica-peru\\\/#primaryimage\"},\"image\":{\"@id\":\"https:\\\/\\\/terramagicaperu.com\\\/nosotros-terra-magica-peru\\\/#primaryimage\"},\"thumbnailUrl\":\"https:\\\/\\\/terramagicaperu.com\\\/wp-content\\\/uploads\\\/2019\\\/01\\\/LOGOTIPO-TERRA-MAGICA-PERU-e1549552534323-300x109.png\",\"datePublished\":\"2020-01-21T20:23:16+00:00\",\"dateModified\":\"2020-09-09T21:03:40+00:00\",\"breadcrumb\":{\"@id\":\"https:\\\/\\\/terramagicaperu.com\\\/nosotros-terra-magica-peru\\\/#breadcrumb\"},\"inLanguage\":\"en-US\",\"potentialAction\":[{\"@type\":\"ReadAction\",\"target\":[\"https:\\\/\\\/terramagicaperu.com\\\/nosotros-terra-magica-peru\\\/\"]}]},{\"@type\":\"ImageObject\",\"inLanguage\":\"en-US\",\"@id\":\"https:\\\/\\\/terramagicaperu.com\\\/nosotros-terra-magica-peru\\\/#primaryimage\",\"url\":\"https:\\\/\\\/terramagicaperu.com\\\/wp-content\\\/uploads\\\/2019\\\/01\\\/LOGOTIPO-TERRA-MAGICA-PERU-e1549552534323-300x109.png\",\"contentUrl\":\"https:\\\/\\\/terramagicaperu.com\\\/wp-content\\\/uploads\\\/2019\\\/01\\\/LOGOTIPO-TERRA-MAGICA-PERU-e1549552534323-300x109.png\"},{\"@type\":\"BreadcrumbList\",\"@id\":\"https:\\\/\\\/terramagicaperu.com\\\/nosotros-terra-magica-peru\\\/#breadcrumb\",\"itemListElement\":[{\"@type\":\"ListItem\",\"position\":1,\"name\":\"Portada\",\"item\":\"https:\\\/\\\/terramagicaperu.com\\\/\"},{\"@type\":\"ListItem\",\"position\":2,\"name\":\"Nosotros &#8211; TERRA M\u00c1GICA PER\u00da\"}]},{\"@type\":\"WebSite\",\"@id\":\"https:\\\/\\\/terramagicaperu.com\\\/#website\",\"url\":\"https:\\\/\\\/terramagicaperu.com\\\/\",\"name\":\"TERRA M\u00c1GICA PER\u00da\",\"description\":\"Operador Tur\u00edstico en Per\u00fa\",\"publisher\":{\"@id\":\"https:\\\/\\\/terramagicaperu.com\\\/#organization\"},\"potentialAction\":[{\"@type\":\"SearchAction\",\"target\":{\"@type\":\"EntryPoint\",\"urlTemplate\":\"https:\\\/\\\/terramagicaperu.com\\\/?s={search_term_string}\"},\"query-input\":{\"@type\":\"PropertyValueSpecification\",\"valueRequired\":true,\"valueName\":\"search_term_string\"}}],\"inLanguage\":\"en-US\"},{\"@type\":\"Organization\",\"@id\":\"https:\\\/\\\/terramagicaperu.com\\\/#organization\",\"name\":\"TERRA M\u00c1GICA PER\u00da\",\"url\":\"https:\\\/\\\/terramagicaperu.com\\\/\",\"logo\":{\"@type\":\"ImageObject\",\"inLanguage\":\"en-US\",\"@id\":\"https:\\\/\\\/terramagicaperu.com\\\/#\\\/schema\\\/logo\\\/image\\\/\",\"url\":\"https:\\\/\\\/terramagicaperu.com\\\/wp-content\\\/uploads\\\/2019\\\/01\\\/cropped-LOGOTIPO-TERRA-MAGICA-PERU-e1549552534323.png\",\"contentUrl\":\"https:\\\/\\\/terramagicaperu.com\\\/wp-content\\\/uploads\\\/2019\\\/01\\\/cropped-LOGOTIPO-TERRA-MAGICA-PERU-e1549552534323.png\",\"width\":550,\"height\":200,\"caption\":\"TERRA M\u00c1GICA PER\u00da\"},\"image\":{\"@id\":\"https:\\\/\\\/terramagicaperu.com\\\/#\\\/schema\\\/logo\\\/image\\\/\"}}]}<\/script>\n<!-- \/ Yoast SEO plugin. -->","yoast_head_json":{"title":"Nosotros - TERRA M\u00c1GICA PER\u00da - TERRA M\u00c1GICA PER\u00da","robots":{"index":"index","follow":"follow","max-snippet":"max-snippet:-1","max-image-preview":"max-image-preview:large","max-video-preview":"max-video-preview:-1"},"canonical":"https:\/\/terramagicaperu.com\/en\/nosotros-terra-magica-peru\/","og_locale":"en_US","og_type":"article","og_title":"Nosotros - TERRA M\u00c1GICA PER\u00da - TERRA M\u00c1GICA PER\u00da","og_description":"TERRA M\u00c1GICA PER\u00da SOBRE NOSOTROS TERRA M\u00c1GICA PER\u00da &#8211; \u00bfQui\u00e9nes Somos? Acerca de Nuestra Empresa \u00a1Somos tu \u00fanica parada previa a tu pr\u00f3ximo viaje! T\u00fa solo dinos d\u00f3nde y cu\u00e1ndo desear ir, y Terra M\u00e1gica Per\u00fa se encargar\u00e1 de todo lo dem\u00e1s. Ya sea que solo buscas un boleto, un hotel, o quieres un paquete [&hellip;]","og_url":"https:\/\/terramagicaperu.com\/en\/nosotros-terra-magica-peru\/","og_site_name":"TERRA M\u00c1GICA PER\u00da","article_modified_time":"2020-09-09T21:03:40+00:00","og_image":[{"url":"https:\/\/terramagicaperu.com\/wp-content\/uploads\/2019\/01\/LOGOTIPO-TERRA-MAGICA-PERU-e1549552534323-300x109.png","type":"","width":"","height":""}],"twitter_card":"summary_large_image","twitter_misc":{"Est. reading time":"1 minute"},"schema":{"@context":"https:\/\/schema.org","@graph":[{"@type":"WebPage","@id":"https:\/\/terramagicaperu.com\/nosotros-terra-magica-peru\/","url":"https:\/\/terramagicaperu.com\/nosotros-terra-magica-peru\/","name":"Nosotros - TERRA M\u00c1GICA PER\u00da - TERRA M\u00c1GICA PER\u00da","isPartOf":{"@id":"https:\/\/terramagicaperu.com\/#website"},"primaryImageOfPage":{"@id":"https:\/\/terramagicaperu.com\/nosotros-terra-magica-peru\/#primaryimage"},"image":{"@id":"https:\/\/terramagicaperu.com\/nosotros-terra-magica-peru\/#primaryimage"},"thumbnailUrl":"https:\/\/terramagicaperu.com\/wp-content\/uploads\/2019\/01\/LOGOTIPO-TERRA-MAGICA-PERU-e1549552534323-300x109.png","datePublished":"2020-01-21T20:23:16+00:00","dateModified":"2020-09-09T21:03:40+00:00","breadcrumb":{"@id":"https:\/\/terramagicaperu.com\/nosotros-terra-magica-peru\/#breadcrumb"},"inLanguage":"en-US","potentialAction":[{"@type":"ReadAction","target":["https:\/\/terramagicaperu.com\/nosotros-terra-magica-peru\/"]}]},{"@type":"ImageObject","inLanguage":"en-US","@id":"https:\/\/terramagicaperu.com\/nosotros-terra-magica-peru\/#primaryimage","url":"https:\/\/terramagicaperu.com\/wp-content\/uploads\/2019\/01\/LOGOTIPO-TERRA-MAGICA-PERU-e1549552534323-300x109.png","contentUrl":"https:\/\/terramagicaperu.com\/wp-content\/uploads\/2019\/01\/LOGOTIPO-TERRA-MAGICA-PERU-e1549552534323-300x109.png"},{"@type":"BreadcrumbList","@id":"https:\/\/terramagicaperu.com\/nosotros-terra-magica-peru\/#breadcrumb","itemListElement":[{"@type":"ListItem","position":1,"name":"Portada","item":"https:\/\/terramagicaperu.com\/"},{"@type":"ListItem","position":2,"name":"Nosotros &#8211; TERRA M\u00c1GICA PER\u00da"}]},{"@type":"WebSite","@id":"https:\/\/terramagicaperu.com\/#website","url":"https:\/\/terramagicaperu.com\/","name":"TERRA M\u00c1GICA PER\u00da","description":"Operador Tur\u00edstico en Per\u00fa","publisher":{"@id":"https:\/\/terramagicaperu.com\/#organization"},"potentialAction":[{"@type":"SearchAction","target":{"@type":"EntryPoint","urlTemplate":"https:\/\/terramagicaperu.com\/?s={search_term_string}"},"query-input":{"@type":"PropertyValueSpecification","valueRequired":true,"valueName":"search_term_string"}}],"inLanguage":"en-US"},{"@type":"Organization","@id":"https:\/\/terramagicaperu.com\/#organization","name":"TERRA M\u00c1GICA PER\u00da","url":"https:\/\/terramagicaperu.com\/","logo":{"@type":"ImageObject","inLanguage":"en-US","@id":"https:\/\/terramagicaperu.com\/#\/schema\/logo\/image\/","url":"https:\/\/terramagicaperu.com\/wp-content\/uploads\/2019\/01\/cropped-LOGOTIPO-TERRA-MAGICA-PERU-e1549552534323.png","contentUrl":"https:\/\/terramagicaperu.com\/wp-content\/uploads\/2019\/01\/cropped-LOGOTIPO-TERRA-MAGICA-PERU-e1549552534323.png","width":550,"height":200,"caption":"TERRA M\u00c1GICA PER\u00da"},"image":{"@id":"https:\/\/terramagicaperu.com\/#\/schema\/logo\/image\/"}}]}},"_links":{"self":[{"href":"https:\/\/terramagicaperu.com\/en\/wp-json\/wp\/v2\/pages\/1268","targetHints":{"allow":["GET"]}}],"collection":[{"href":"https:\/\/terramagicaperu.com\/en\/wp-json\/wp\/v2\/pages"}],"about":[{"href":"https:\/\/terramagicaperu.com\/en\/wp-json\/wp\/v2\/types\/page"}],"author":[{"embeddable":true,"href":"https:\/\/terramagicaperu.com\/en\/wp-json\/wp\/v2\/users\/1"}],"replies":[{"embeddable":true,"href":"https:\/\/terramagicaperu.com\/en\/wp-json\/wp\/v2\/comments?post=1268"}],"version-history":[{"count":16,"href":"https:\/\/terramagicaperu.com\/en\/wp-json\/wp\/v2\/pages\/1268\/revisions"}],"predecessor-version":[{"id":1290,"href":"https:\/\/terramagicaperu.com\/en\/wp-json\/wp\/v2\/pages\/1268\/revisions\/1290"}],"wp:attachment":[{"href":"https:\/\/terramagicaperu.com\/en\/wp-json\/wp\/v2\/media?parent=1268"}],"curies":[{"name":"wp","href":"https:\/\/api.w.org\/{rel}","templated":true}]}}